{"id":5642,"date":"2017-08-22T16:12:06","date_gmt":"2017-08-22T15:12:06","guid":{"rendered":"http:\/\/golfvalsecret.com\/?page_id=5642"},"modified":"2024-10-29T12:26:57","modified_gmt":"2024-10-29T11:26:57","slug":"tarifs-2","status":"publish","type":"page","link":"https:\/\/golfvalsecret.com\/?page_id=5642","title":{"rendered":"tarifs"},"content":{"rendered":"[et_pb_section admin_label=\u00a0\u00bbsection\u00a0\u00bb]\n\t\t[et_pb_row admin_label=\u00a0\u00bbrow\u00a0\u00bb]\n\t\t\t[et_pb_column type=\u00a0\u00bb4_4&Prime;][et_pb_text admin_label=\u00a0\u00bbText\u00a0\u00bb]&nbsp;<\/p>\n<p>&nbsp;<\/p>\n<h1>\u00a0<a id=\"TGF\"><\/a><\/h1>\n<h1>\u00a0Tarifs green fees 2017<\/h1>\n<h1><\/h1>\n<h1><\/h1>\n<p>Haute saison (1er Avril au 31 Octobre)<\/p>\n<table border=\"3\" width=\"454\">\n<tbody>\n<tr>\n<td><strong>SEMAINE<\/strong><\/td>\n<td>18 Trous<\/td>\n<td>9 trous &amp; apr\u00e8s 18h<\/td>\n<\/tr>\n<tr>\n<td>INDIVIDUEL<\/td>\n<td>48.00\u20ac<\/td>\n<td>32.00\u20ac<\/td>\n<\/tr>\n<tr>\n<td>COUPLE<\/td>\n<td>82.00\u20ac<\/td>\n<td><\/td>\n<\/tr>\n<tr>\n<td>GOLFY INDIGO<\/td>\n<td>36.00\u20ac<\/td>\n<td>24.00\u20ac<\/td>\n<\/tr>\n<tr>\n<td>GOLFY PLATINE<\/td>\n<td>34.00\u20ac<\/td>\n<td>22.00\u20ac<\/td>\n<\/tr>\n<\/tbody>\n<\/table>\n<p>&nbsp;<\/p>\n<p>&nbsp;<\/p>\n<h2>\u00a0<a id=\"2\"><\/a><\/h2>\n<table border=\"3\" width=\"454\">\n<tbody>\n<tr>\n<td><strong>WEEK-END\u00a0\u00a0\u00a0\u00a0\u00a0\u00a0\u00a0\u00a0\u00a0\u00a0\u00a0\u00a0 \u00a0 (et jours f\u00e9ri\u00e9s)<\/strong><\/td>\n<td>18 Trous<\/td>\n<td>9 trous &amp; apr\u00e8s 18h<\/td>\n<\/tr>\n<tr>\n<td>INDIVIDUEL<\/td>\n<td>60.00\u20ac<\/td>\n<td>39.00\u20ac<\/td>\n<\/tr>\n<tr>\n<td>COUPLE<\/td>\n<td>102.00\u20ac<\/td>\n<td><\/td>\n<\/tr>\n<tr>\n<td>GOLFY INDIGO<\/td>\n<td>45.00\u20ac<\/td>\n<td>29.00\u20ac<\/td>\n<\/tr>\n<tr>\n<td>GOLFY PLATINE<\/td>\n<td>42.00\u20ac<\/td>\n<td>27.00\u20ac<\/td>\n<\/tr>\n<\/tbody>\n<\/table>\n<p>&nbsp;<\/p>\n<p>&nbsp;<\/p>\n<h2><\/h2>\n<h3>Basse\u00a0saison (1er Novembre\u00a0au 31 Mars)<\/h3>\n<table border=\"3\" width=\"454\">\n<tbody>\n<tr>\n<td><strong>SEMAINE\/WEEK-END \u00a0 \u00a0 (et jours f\u00e9ri\u00e9s)<\/strong><\/td>\n<td>18 Trous<\/td>\n<td>9 trous<\/td>\n<\/tr>\n<tr>\n<td>INDIVIDUEL<\/td>\n<td>37.00\u20ac<\/td>\n<td>30.00\u20ac<\/td>\n<\/tr>\n<tr>\n<td>COUPLE<\/td>\n<td>63.00\u20ac<\/td>\n<td><\/td>\n<\/tr>\n<tr>\n<td>GOLFY INDIGO<\/td>\n<td>28.00\u20ac<\/td>\n<td>22.50\u20ac<\/td>\n<\/tr>\n<tr>\n<td>GOLFY PLATINE<\/td>\n<td>26.00\u20ac<\/td>\n<td>21.00\u20ac<\/td>\n<\/tr>\n<\/tbody>\n<\/table>\n<p>Jeunes (-25 ans) -50% du tarif 18 trous haute saison<\/p>\n<p>&nbsp;<\/p>\n<p>&nbsp;<\/p>\n<h1>\u00a0<a id=\"Forfait\"><\/a><\/h1>\n<h1>\u00a0Tarifs\u00a0Forfaits<\/h1>\n<h1><\/h1>\n<h1><\/h1>\n<p>Haute saison (1er Avril au 31 Octobre)<\/p>\n<table border=\"3\" width=\"671\">\n<tbody>\n<tr>\n<td><\/td>\n<td>Semaine<\/td>\n<td>Week-End<\/td>\n<\/tr>\n<tr>\n<td>Green-fee + repas<\/td>\n<td>61.00\u20ac<\/td>\n<td>72.00\u20ac<\/td>\n<\/tr>\n<tr>\n<td>Green-fee + voiturette<\/td>\n<td>68.00\u20ac<\/td>\n<td>80.00\u20ac<\/td>\n<\/tr>\n<tr>\n<td>Green-fee + repas + voiturette<\/td>\n<td>87.00\u20ac<\/td>\n<td>99.00\u20ac<\/td>\n<\/tr>\n<tr>\n<td>2 Green-fees +voiturette<\/td>\n<td>110.00\u20ac<\/td>\n<td>132.00\u20ac<\/td>\n<\/tr>\n<tr>\n<td>2 Green-fees + 2 repas + voiturette<\/td>\n<td>148.00\u20ac<\/td>\n<td>170.00\u20ac<\/td>\n<\/tr>\n<\/tbody>\n<\/table>\n<p>&nbsp;<\/p>\n<p><b>Menu Golfeur pour 1 forfait\u00a0:<\/b><\/p>\n<p>Buffet d&rsquo;entr\u00e9es et buffet de desserts<\/p>\n<p>ou<\/p>\n<p>Buffet d&rsquo;entr\u00e9es et Plat du march\u00e9 (au choix)<\/p>\n<p>ou<\/p>\n<p>Plat du march\u00e9 (au choix) et Buffet de desserts<\/p>\n<p>&nbsp;<\/p>\n<p>&nbsp;<\/p>\n<h1><\/h1>\n<h1>Tarifs\u00a0Groupes<\/h1>\n<h3><\/h3>\n<h3><\/h3>\n<table border=\"3\" width=\"454\">\n<tbody>\n<tr>\n<td rowspan=\"2\"><\/td>\n<td colspan=\"2\">Haute\u00a0Saison<\/td>\n<td>Basse Saison<\/td>\n<\/tr>\n<tr>\n<td>Week-End (et jours f\u00e9ri\u00e9s )<\/td>\n<td>Semaine<\/td>\n<td>Week-End et semaine<\/td>\n<\/tr>\n<tr>\n<td>De 9 \u00e0 14 joueurs<\/td>\n<td>49<\/td>\n<td>39<\/td>\n<td>32<\/td>\n<\/tr>\n<tr>\n<td>De 15 \u00e0 30 joueurs<\/td>\n<td>45<\/td>\n<td>36<\/td>\n<td>28<\/td>\n<\/tr>\n<tr>\n<td>31 joueurs et plus<\/td>\n<td>40<\/td>\n<td>33<\/td>\n<td>26<\/td>\n<\/tr>\n<\/tbody>\n<\/table>\n<p>Tarif sur demande : organisation de petit d\u00e9jeuner au bar du Club-House et d\u00e9jeuner au restaurant la Grange de l\u2019Abbaye pour votre \u00e9v\u00e9nement groupe.<\/p>\n<p>&nbsp;<\/p>\n<p>&nbsp;<\/p>\n<h1><\/h1>\n<h1>Tarifs Abonnements 2017<\/h1>\n<h2><\/h2>\n<h2><\/h2>\n<h2>Temps Plein<\/h2>\n<table width=\"330\">\n<tbody>\n<tr>\n<td>Individuel<\/td>\n<td>1370\u20ac<\/td>\n<\/tr>\n<tr>\n<td>Couple<\/td>\n<td>2192\u20ac<\/td>\n<\/tr>\n<tr>\n<td>26 \u00e0 35 ans<\/td>\n<td>920\u20ac<\/td>\n<\/tr>\n<tr>\n<td>19 \u00e0 25 ans<\/td>\n<td>460\u20ac<\/td>\n<\/tr>\n<tr>\n<td>7 \u00e0 18 ans \u00e9cole de golf<\/td>\n<td>320\u20ac<\/td>\n<\/tr>\n<\/tbody>\n<\/table>\n<p>&nbsp;<\/p>\n<h2>Semainier\u00a0(\u00e0 l&rsquo;exception des jours f\u00e9ri\u00e9s de semaine)<\/h2>\n<table width=\"328\">\n<tbody>\n<tr>\n<td>Individuel<\/td>\n<td>1100\u20ac<\/td>\n<\/tr>\n<tr>\n<td>Couple<\/td>\n<td>1760\u20ac<\/td>\n<\/tr>\n<\/tbody>\n<\/table>\n<p>&nbsp;<\/p>\n<h1><\/h1>\n<h1>Prestations Annexes<\/h1>\n<h2><\/h2>\n<h2><\/h2>\n<h2><\/h2>\n<table width=\"330\">\n<tbody>\n<tr>\n<td>Chariot<\/td>\n<td>4\u20ac<\/td>\n<\/tr>\n<tr>\n<td>Voiturette 18T<\/td>\n<td>30\u20ac<\/td>\n<\/tr>\n<tr>\n<td>Voiturette 9T<\/td>\n<td>20\u20ac<\/td>\n<\/tr>\n<tr>\n<td>Location demi-s\u00e9rie<\/td>\n<td>10\u20ac<\/td>\n<\/tr>\n<\/tbody>\n<\/table>\n<p>&nbsp;<\/p>\n<h2>Voiturettes \u00e0 l&rsquo;ann\u00e9e<\/h2>\n<table width=\"328\">\n<tbody>\n<tr>\n<td>Semainier nominative sur r\u00e9servation<\/td>\n<td>795\u20ac<\/td>\n<\/tr>\n<tr>\n<td>Semainier binominative sur r\u00e9servation<\/td>\n<td>1035\u20ac<\/td>\n<\/tr>\n<tr>\n<td>Temps plein nominative sur r\u00e9servation<\/td>\n<td>1115\u20ac<\/td>\n<\/tr>\n<tr>\n<td>Temps plein binominative sur r\u00e9servation<\/td>\n<td>1450\u20ac<\/td>\n<\/tr>\n<tr>\n<td>Voiturette privative<\/td>\n<td>2400\u20ac<\/td>\n<\/tr>\n<\/tbody>\n<\/table>\n<p>&nbsp;<\/p>\n<p><b>Les Cartes Golfy<br \/>\n<\/b><\/p>\n<p>La <b>carte Golfy Indigo<\/b>, d\u2019une valeur de 110 \u20ac, est une carte de fid\u00e9lit\u00e9 valable 1 an qui vous permet de b\u00e9n\u00e9ficier de r\u00e9ductions et d&rsquo;avantages toute l&rsquo;ann\u00e9e et sur tout le r\u00e9seau Golfy en France comme \u00e0 l&rsquo;\u00e9tranger \u00e0 savoir\u00a0:<\/p>\n<p><b>&#8211; 1 green-fee offert<\/b> \u00e0 l&rsquo;achat et \u00e0 chaque renouvellement<\/p>\n<p><b>&#8211; 25% sur les green-fees<\/b> 18 trous et 9 trous dans les Golfs du R\u00e9seau Golfy<\/p>\n<p><b>&#8211; 15% sur l\u2019h\u00e9bergement<\/b> dans les h\u00f4tels partenaires et Domaines Golfy<\/p>\n<p><b>&#8211; des Yards cumul\u00e9s<\/b> gr\u00e2ce \u00e0 vos achats sur le R\u00e9seau<\/p>\n<p><b>&#8211; des Voyages golf<\/b> avec notre partenaire Havas Voyages<\/p>\n<p>et pour b\u00e9n\u00e9ficier d\u2019encore plus de r\u00e9ductions et d\u2019avantages \u2026<\/p>\n<p>La <b>carte Golfy Platine<\/b>, d\u2019une valeur de 180 \u20ac, est une carte de fid\u00e9lit\u00e9 valable 1 an qui vous permet \u00e0<b> vous et 1 invit\u00e9 permanent<\/b> de b\u00e9n\u00e9ficier de r\u00e9ductions et d&rsquo;avantages toute l&rsquo;ann\u00e9e et sur tout le R\u00e9seau Golfy en France comme \u00e0 l&rsquo;\u00e9tranger \u00e0 savoir\u00a0:<\/p>\n<p><b>&#8211; 1 green-fee offert<\/b> \u00e0 l&rsquo;achat et \u00e0 chaque renouvellement<\/p>\n<p><b>&#8211; 30% sur les green-fees<\/b> 18 trous et 9 trous dans les Golfs du R\u00e9seau Golfy <b>(vous et la personne de votre choix)<\/b><\/p>\n<p><b>&#8211; 20% sur l\u2019h\u00e9bergement<\/b> dans les h\u00f4tels partenaires et Domaines Golfy<\/p>\n<p><b>&#8211; des Yards cumul\u00e9s<\/b> gr\u00e2ce \u00e0 vos achats sur le R\u00e9seau<\/p>\n<p><b>&#8211; des Voyages golf<\/b> avec notre partenaire Havas Voyages<\/p>\n<p>En savoir plus sur le R\u00e9seau <a href=\"http:\/\/www.golfy.fr\">Golfy<\/a><\/p>\n<p>&nbsp;<\/p>\n<p>Extrait du r\u00e8glement int\u00e9rieur de la \u00ab\u00a0S.A.R.L. du Val Secret\u00a0\u00bb\u00a0:<\/p>\n<p>Les joueurs qui ne sont pas abonn\u00e9s \u00e0 la \u00ab\u00a0S.A.R.L. du Val Secret\u00a0\u00bb devront se pr\u00e9senter \u00e0 l\u2019accueil et r\u00e9gler leur green-fee avant d\u2019aller jouer sur le parcours. La licence de la F.F.G. de l\u2019ann\u00e9e en cours sera demand\u00e9e \u00e0 l\u2019accueil, il y est notamment attach\u00e9 le b\u00e9n\u00e9fice des contrats collectifs d\u2019assurance garantissant la responsabilit\u00e9 civile du titulaire.<\/p>\n<p>Le r\u00e8glement de la location d\u2019une voiturette de golf, doit \u00eatre effectu\u00e9 avant le d\u00e9part sur le terrain.<\/p>\n<p>Tout accident sur des voiturettes ou engin de d\u00e9placement de golf doit faire l\u2019objet d\u2019une d\u00e9claration imm\u00e9diate d\u2019accident par le conducteur responsable \u00e0 l\u2019accueil du golf. La voiturette ne donne aucune priorit\u00e9 sur la partie qui pr\u00e9c\u00e8de.<\/p>\n<h4>Golf du Val Secret<br \/>\nLieu dit le Val Secret<br \/>\n02400 Ch\u00e2teau-Thierry<\/h4>\n<h4>T\u00e9l : 03 23 83 07 25<\/h4>\n<h4>E-mail : contact@golfvalsecret.com<\/h4>\n[\/et_pb_text][\/et_pb_column]\n\t\t[\/et_pb_row]\n\t[\/et_pb_section]\n","protected":false},"excerpt":{"rendered":"<p>&nbsp; &nbsp; \u00a0 \u00a0Tarifs green fees 2017 Haute saison (1er Avril au 31 Octobre) SEMAINE 18 Trous 9 trous &amp; apr\u00e8s 18h INDIVIDUEL 48.00\u20ac 32.00\u20ac COUPLE 82.00\u20ac GOLFY INDIGO 36.00\u20ac 24.00\u20ac GOLFY PLATINE 34.00\u20ac 22.00\u20ac &nbsp; &nbsp; \u00a0 WEEK-END\u00a0\u00a0\u00a0\u00a0\u00a0\u00a0\u00a0\u00a0\u00a0\u00a0\u00a0\u00a0 \u00a0 (et jours f\u00e9ri\u00e9s) 18 Trous 9 trous &amp; apr\u00e8s 18h INDIVIDUEL 60.00\u20ac 39.00\u20ac COUPLE 102.00\u20ac [&hellip;]<\/p>\n","protected":false},"author":2,"featured_media":0,"parent":0,"menu_order":0,"comment_status":"closed","ping_status":"closed","template":"","meta":{"_et_pb_use_builder":"on","_et_pb_old_content":"&nbsp;\r\n\r\n&nbsp;\r\n<h1>\u00a0<a id=\"TGF\"><\/a><\/h1>\r\n<h1>\u00a0Tarifs green fees 2017<\/h1>\r\n<h1><\/h1>\r\n<h1><\/h1>\r\nHaute saison (1er Avril au 31 Octobre)\r\n<table border=\"3\" width=\"454\">\r\n<tbody>\r\n<tr>\r\n<td><strong>SEMAINE<\/strong><\/td>\r\n<td>18 Trous<\/td>\r\n<td>9 trous &amp; apr\u00e8s 18h<\/td>\r\n<\/tr>\r\n<tr>\r\n<td>INDIVIDUEL<\/td>\r\n<td>48.00\u20ac<\/td>\r\n<td>32.00\u20ac<\/td>\r\n<\/tr>\r\n<tr>\r\n<td>COUPLE<\/td>\r\n<td>82.00\u20ac<\/td>\r\n<td><\/td>\r\n<\/tr>\r\n<tr>\r\n<td>GOLFY INDIGO<\/td>\r\n<td>36.00\u20ac<\/td>\r\n<td>24.00\u20ac<\/td>\r\n<\/tr>\r\n<tr>\r\n<td>GOLFY PLATINE<\/td>\r\n<td>34.00\u20ac<\/td>\r\n<td>22.00\u20ac<\/td>\r\n<\/tr>\r\n<\/tbody>\r\n<\/table>\r\n&nbsp;\r\n\r\n&nbsp;\r\n<h2>\u00a0<a id=\"2\"><\/a><\/h2>\r\n<table border=\"3\" width=\"454\">\r\n<tbody>\r\n<tr>\r\n<td><strong>WEEK-END\u00a0\u00a0\u00a0\u00a0\u00a0\u00a0\u00a0\u00a0\u00a0\u00a0\u00a0\u00a0 \u00a0 (et jours f\u00e9ri\u00e9s)<\/strong><\/td>\r\n<td>18 Trous<\/td>\r\n<td>9 trous &amp; apr\u00e8s 18h<\/td>\r\n<\/tr>\r\n<tr>\r\n<td>INDIVIDUEL<\/td>\r\n<td>60.00\u20ac<\/td>\r\n<td>39.00\u20ac<\/td>\r\n<\/tr>\r\n<tr>\r\n<td>COUPLE<\/td>\r\n<td>102.00\u20ac<\/td>\r\n<td><\/td>\r\n<\/tr>\r\n<tr>\r\n<td>GOLFY INDIGO<\/td>\r\n<td>45.00\u20ac<\/td>\r\n<td>29.00\u20ac<\/td>\r\n<\/tr>\r\n<tr>\r\n<td>GOLFY PLATINE<\/td>\r\n<td>42.00\u20ac<\/td>\r\n<td>27.00\u20ac<\/td>\r\n<\/tr>\r\n<\/tbody>\r\n<\/table>\r\n&nbsp;\r\n\r\n&nbsp;\r\n<h2><\/h2>\r\n<h3>Basse\u00a0saison (1er Novembre\u00a0au 31 Mars)<\/h3>\r\n<table border=\"3\" width=\"454\">\r\n<tbody>\r\n<tr>\r\n<td><strong>SEMAINE\/WEEK-END \u00a0 \u00a0 (et jours f\u00e9ri\u00e9s)<\/strong><\/td>\r\n<td>18 Trous<\/td>\r\n<td>9 trous<\/td>\r\n<\/tr>\r\n<tr>\r\n<td>INDIVIDUEL<\/td>\r\n<td>37.00\u20ac<\/td>\r\n<td>30.00\u20ac<\/td>\r\n<\/tr>\r\n<tr>\r\n<td>COUPLE<\/td>\r\n<td>63.00\u20ac<\/td>\r\n<td><\/td>\r\n<\/tr>\r\n<tr>\r\n<td>GOLFY INDIGO<\/td>\r\n<td>28.00\u20ac<\/td>\r\n<td>22.50\u20ac<\/td>\r\n<\/tr>\r\n<tr>\r\n<td>GOLFY PLATINE<\/td>\r\n<td>26.00\u20ac<\/td>\r\n<td>21.00\u20ac<\/td>\r\n<\/tr>\r\n<\/tbody>\r\n<\/table>\r\nJeunes (-25 ans) -50% du tarif 18 trous haute saison\r\n\r\n&nbsp;\r\n\r\n&nbsp;\r\n<h1>\u00a0<a id=\"Forfait\"><\/a><\/h1>\r\n<h1>\u00a0Tarifs\u00a0Forfaits<\/h1>\r\n<h1><\/h1>\r\n<h1><\/h1>\r\nHaute saison (1er Avril au 31 Octobre)\r\n<table border=\"3\" width=\"671\">\r\n<tbody>\r\n<tr>\r\n<td><\/td>\r\n<td>Semaine<\/td>\r\n<td>Week-End<\/td>\r\n<\/tr>\r\n<tr>\r\n<td>Green-fee + repas<\/td>\r\n<td>61.00\u20ac<\/td>\r\n<td>72.00\u20ac<\/td>\r\n<\/tr>\r\n<tr>\r\n<td>Green-fee + voiturette<\/td>\r\n<td>68.00\u20ac<\/td>\r\n<td>80.00\u20ac<\/td>\r\n<\/tr>\r\n<tr>\r\n<td>Green-fee + repas + voiturette<\/td>\r\n<td>87.00\u20ac<\/td>\r\n<td>99.00\u20ac<\/td>\r\n<\/tr>\r\n<tr>\r\n<td>2 Green-fees +voiturette<\/td>\r\n<td>110.00\u20ac<\/td>\r\n<td>132.00\u20ac<\/td>\r\n<\/tr>\r\n<tr>\r\n<td>2 Green-fees + 2 repas + voiturette<\/td>\r\n<td>148.00\u20ac<\/td>\r\n<td>170.00\u20ac<\/td>\r\n<\/tr>\r\n<\/tbody>\r\n<\/table>\r\n&nbsp;\r\n\r\n<b>Menu Golfeur pour 1 forfait\u00a0:<\/b>\r\n\r\nBuffet d'entr\u00e9es et buffet de desserts\r\n\r\nou\r\n\r\nBuffet d'entr\u00e9es et Plat du march\u00e9 (au choix)\r\n\r\nou\r\n\r\nPlat du march\u00e9 (au choix) et Buffet de desserts\r\n\r\n&nbsp;\r\n\r\n&nbsp;\r\n<h1><\/h1>\r\n<h1>Tarifs\u00a0Groupes<\/h1>\r\n<h3><\/h3>\r\n<h3><\/h3>\r\n<table border=\"3\" width=\"454\">\r\n<tbody>\r\n<tr>\r\n<td rowspan=\"2\"><\/td>\r\n<td colspan=\"2\">Haute\u00a0Saison<\/td>\r\n<td>Basse Saison<\/td>\r\n<\/tr>\r\n<tr>\r\n<td>Week-End (et jours f\u00e9ri\u00e9s )<\/td>\r\n<td>Semaine<\/td>\r\n<td>Week-End et semaine<\/td>\r\n<\/tr>\r\n<tr>\r\n<td>De 9 \u00e0 14 joueurs<\/td>\r\n<td>49<\/td>\r\n<td>39<\/td>\r\n<td>32<\/td>\r\n<\/tr>\r\n<tr>\r\n<td>De 15 \u00e0 30 joueurs<\/td>\r\n<td>45<\/td>\r\n<td>36<\/td>\r\n<td>28<\/td>\r\n<\/tr>\r\n<tr>\r\n<td>31 joueurs et plus<\/td>\r\n<td>40<\/td>\r\n<td>33<\/td>\r\n<td>26<\/td>\r\n<\/tr>\r\n<\/tbody>\r\n<\/table>\r\nTarif sur demande : organisation de petit d\u00e9jeuner au bar du Club-House et d\u00e9jeuner au restaurant la Grange de l\u2019Abbaye pour votre \u00e9v\u00e9nement groupe.\r\n\r\n&nbsp;\r\n\r\n&nbsp;\r\n<h1><\/h1>\r\n<h1>Tarifs Abonnements 2017<\/h1>\r\n<h2><\/h2>\r\n<h2><\/h2>\r\n<h2>Temps Plein<\/h2>\r\n<table width=\"330\">\r\n<tbody>\r\n<tr>\r\n<td>Individuel<\/td>\r\n<td>1370\u20ac<\/td>\r\n<\/tr>\r\n<tr>\r\n<td>Couple<\/td>\r\n<td>2192\u20ac<\/td>\r\n<\/tr>\r\n<tr>\r\n<td>26 \u00e0 35 ans<\/td>\r\n<td>920\u20ac<\/td>\r\n<\/tr>\r\n<tr>\r\n<td>19 \u00e0 25 ans<\/td>\r\n<td>460\u20ac<\/td>\r\n<\/tr>\r\n<tr>\r\n<td>7 \u00e0 18 ans \u00e9cole de golf<\/td>\r\n<td>320\u20ac<\/td>\r\n<\/tr>\r\n<\/tbody>\r\n<\/table>\r\n&nbsp;\r\n<h2>Semainier\u00a0(\u00e0 l'exception des jours f\u00e9ri\u00e9s de semaine)<\/h2>\r\n<table width=\"328\">\r\n<tbody>\r\n<tr>\r\n<td>Individuel<\/td>\r\n<td>1100\u20ac<\/td>\r\n<\/tr>\r\n<tr>\r\n<td>Couple<\/td>\r\n<td>1760\u20ac<\/td>\r\n<\/tr>\r\n<\/tbody>\r\n<\/table>\r\n&nbsp;\r\n<h1><\/h1>\r\n<h1>Prestations Annexes<\/h1>\r\n<h2><\/h2>\r\n<h2><\/h2>\r\n<h2><\/h2>\r\n<table width=\"330\">\r\n<tbody>\r\n<tr>\r\n<td>Chariot<\/td>\r\n<td>4\u20ac<\/td>\r\n<\/tr>\r\n<tr>\r\n<td>Voiturette 18T<\/td>\r\n<td>30\u20ac<\/td>\r\n<\/tr>\r\n<tr>\r\n<td>Voiturette 9T<\/td>\r\n<td>20\u20ac<\/td>\r\n<\/tr>\r\n<tr>\r\n<td>Location demi-s\u00e9rie<\/td>\r\n<td>10\u20ac<\/td>\r\n<\/tr>\r\n<\/tbody>\r\n<\/table>\r\n&nbsp;\r\n<h2>Voiturettes \u00e0 l'ann\u00e9e<\/h2>\r\n<table width=\"328\">\r\n<tbody>\r\n<tr>\r\n<td>Semainier nominative sur r\u00e9servation<\/td>\r\n<td>795\u20ac<\/td>\r\n<\/tr>\r\n<tr>\r\n<td>Semainier binominative sur r\u00e9servation<\/td>\r\n<td>1035\u20ac<\/td>\r\n<\/tr>\r\n<tr>\r\n<td>Temps plein nominative sur r\u00e9servation<\/td>\r\n<td>1115\u20ac<\/td>\r\n<\/tr>\r\n<tr>\r\n<td>Temps plein binominative sur r\u00e9servation<\/td>\r\n<td>1450\u20ac<\/td>\r\n<\/tr>\r\n<tr>\r\n<td>Voiturette privative<\/td>\r\n<td>2400\u20ac<\/td>\r\n<\/tr>\r\n<\/tbody>\r\n<\/table>\r\n&nbsp;\r\n\r\n<b>Les Cartes Golfy\r\n<\/b>\r\n\r\nLa <b>carte Golfy Indigo<\/b>, d\u2019une valeur de 110 \u20ac, est une carte de fid\u00e9lit\u00e9 valable 1 an qui vous permet de b\u00e9n\u00e9ficier de r\u00e9ductions et d'avantages toute l'ann\u00e9e et sur tout le r\u00e9seau Golfy en France comme \u00e0 l'\u00e9tranger \u00e0 savoir\u00a0:\r\n\r\n<b>- 1 green-fee offert<\/b> \u00e0 l'achat et \u00e0 chaque renouvellement\r\n\r\n<b>- 25% sur les green-fees<\/b> 18 trous et 9 trous dans les Golfs du R\u00e9seau Golfy\r\n\r\n<b>- 15% sur l\u2019h\u00e9bergement<\/b> dans les h\u00f4tels partenaires et Domaines Golfy\r\n\r\n<b>- des Yards cumul\u00e9s<\/b> gr\u00e2ce \u00e0 vos achats sur le R\u00e9seau\r\n\r\n<b>- des Voyages golf<\/b> avec notre partenaire Havas Voyages\r\n\r\net pour b\u00e9n\u00e9ficier d\u2019encore plus de r\u00e9ductions et d\u2019avantages \u2026\r\n\r\nLa <b>carte Golfy Platine<\/b>, d\u2019une valeur de 180 \u20ac, est une carte de fid\u00e9lit\u00e9 valable 1 an qui vous permet \u00e0<b> vous et 1 invit\u00e9 permanent<\/b> de b\u00e9n\u00e9ficier de r\u00e9ductions et d'avantages toute l'ann\u00e9e et sur tout le R\u00e9seau Golfy en France comme \u00e0 l'\u00e9tranger \u00e0 savoir\u00a0:\r\n\r\n<b>- 1 green-fee offert<\/b> \u00e0 l'achat et \u00e0 chaque renouvellement\r\n\r\n<b>- 30% sur les green-fees<\/b> 18 trous et 9 trous dans les Golfs du R\u00e9seau Golfy <b>(vous et la personne de votre choix)<\/b>\r\n\r\n<b>- 20% sur l\u2019h\u00e9bergement<\/b> dans les h\u00f4tels partenaires et Domaines Golfy\r\n\r\n<b>- des Yards cumul\u00e9s<\/b> gr\u00e2ce \u00e0 vos achats sur le R\u00e9seau\r\n\r\n<b>- des Voyages golf<\/b> avec notre partenaire Havas Voyages\r\n\r\nEn savoir plus sur le R\u00e9seau <a href=\"http:\/\/www.golfy.fr\">Golfy<\/a>\r\n\r\n&nbsp;\r\n\r\nExtrait du r\u00e8glement int\u00e9rieur de la \u00ab\u00a0S.A.R.L. du Val Secret\u00a0\u00bb\u00a0:\r\n\r\nLes joueurs qui ne sont pas abonn\u00e9s \u00e0 la \u00ab\u00a0S.A.R.L. du Val Secret\u00a0\u00bb devront se pr\u00e9senter \u00e0 l\u2019accueil et r\u00e9gler leur green-fee avant d\u2019aller jouer sur le parcours. La licence de la F.F.G. de l\u2019ann\u00e9e en cours sera demand\u00e9e \u00e0 l\u2019accueil, il y est notamment attach\u00e9 le b\u00e9n\u00e9fice des contrats collectifs d\u2019assurance garantissant la responsabilit\u00e9 civile du titulaire.\r\n\r\nLe r\u00e8glement de la location d\u2019une voiturette de golf, doit \u00eatre effectu\u00e9 avant le d\u00e9part sur le terrain.\r\n\r\nTout accident sur des voiturettes ou engin de d\u00e9placement de golf doit faire l\u2019objet d\u2019une d\u00e9claration imm\u00e9diate d\u2019accident par le conducteur responsable \u00e0 l\u2019accueil du golf. La voiturette ne donne aucune priorit\u00e9 sur la partie qui pr\u00e9c\u00e8de.\r\n<h4>Golf du Val Secret\r\nLieu dit le Val Secret\r\n02400 Ch\u00e2teau-Thierry<\/h4>\r\n<h4>T\u00e9l : 03 23 83 07 25<\/h4>\r\n<h4>E-mail : contact@golfvalsecret.com<\/h4>","_et_gb_content_width":"","_exactmetrics_skip_tracking":false,"_exactmetrics_sitenote_active":false,"_exactmetrics_sitenote_note":"","_exactmetrics_sitenote_category":0,"footnotes":""},"class_list":["post-5642","page","type-page","status-publish","hentry"],"yoast_head":"<!-- This site is optimized with the Yoast SEO plugin v27.4 - https:\/\/yoast.com\/product\/yoast-seo-wordpress\/ -->\n<title>tarifs - Golf du Val Secret<\/title>\n<meta name=\"robots\" content=\"index, follow, max-snippet:-1, max-image-preview:large, max-video-preview:-1\" \/>\n<link rel=\"canonical\" href=\"https:\/\/golfvalsecret.com\/?page_id=5642\" \/>\n<meta property=\"og:locale\" content=\"fr_FR\" \/>\n<meta property=\"og:type\" content=\"article\" \/>\n<meta property=\"og:title\" content=\"tarifs - Golf du Val Secret\" \/>\n<meta property=\"og:description\" content=\"&nbsp; &nbsp; \u00a0 \u00a0Tarifs green fees 2017 Haute saison (1er Avril au 31 Octobre) SEMAINE 18 Trous 9 trous &amp; apr\u00e8s 18h INDIVIDUEL 48.00\u20ac 32.00\u20ac COUPLE 82.00\u20ac GOLFY INDIGO 36.00\u20ac 24.00\u20ac GOLFY PLATINE 34.00\u20ac 22.00\u20ac &nbsp; &nbsp; \u00a0 WEEK-END\u00a0\u00a0\u00a0\u00a0\u00a0\u00a0\u00a0\u00a0\u00a0\u00a0\u00a0\u00a0 \u00a0 (et jours f\u00e9ri\u00e9s) 18 Trous 9 trous &amp; apr\u00e8s 18h INDIVIDUEL 60.00\u20ac 39.00\u20ac COUPLE 102.00\u20ac [&hellip;]\" \/>\n<meta property=\"og:url\" content=\"https:\/\/golfvalsecret.com\/?page_id=5642\" \/>\n<meta property=\"og:site_name\" content=\"Golf du Val Secret\" \/>\n<meta property=\"article:modified_time\" content=\"2024-10-29T11:26:57+00:00\" \/>\n<meta name=\"twitter:label1\" content=\"Dur\u00e9e de lecture estim\u00e9e\" \/>\n\t<meta name=\"twitter:data1\" content=\"3 minutes\" \/>\n<script type=\"application\/ld+json\" class=\"yoast-schema-graph\">{\"@context\":\"https:\\\/\\\/schema.org\",\"@graph\":[{\"@type\":\"WebPage\",\"@id\":\"https:\\\/\\\/golfvalsecret.com\\\/?page_id=5642\",\"url\":\"https:\\\/\\\/golfvalsecret.com\\\/?page_id=5642\",\"name\":\"tarifs - Golf du Val Secret\",\"isPartOf\":{\"@id\":\"https:\\\/\\\/golfvalsecret.com\\\/#website\"},\"datePublished\":\"2017-08-22T15:12:06+00:00\",\"dateModified\":\"2024-10-29T11:26:57+00:00\",\"breadcrumb\":{\"@id\":\"https:\\\/\\\/golfvalsecret.com\\\/?page_id=5642#breadcrumb\"},\"inLanguage\":\"fr-FR\",\"potentialAction\":[{\"@type\":\"ReadAction\",\"target\":[\"https:\\\/\\\/golfvalsecret.com\\\/?page_id=5642\"]}]},{\"@type\":\"BreadcrumbList\",\"@id\":\"https:\\\/\\\/golfvalsecret.com\\\/?page_id=5642#breadcrumb\",\"itemListElement\":[{\"@type\":\"ListItem\",\"position\":1,\"name\":\"Accueil\",\"item\":\"https:\\\/\\\/golfvalsecret.com\\\/\"},{\"@type\":\"ListItem\",\"position\":2,\"name\":\"tarifs\"}]},{\"@type\":\"WebSite\",\"@id\":\"https:\\\/\\\/golfvalsecret.com\\\/#website\",\"url\":\"https:\\\/\\\/golfvalsecret.com\\\/\",\"name\":\"Golf du Val Secret\",\"description\":\"Bienvenue\",\"potentialAction\":[{\"@type\":\"SearchAction\",\"target\":{\"@type\":\"EntryPoint\",\"urlTemplate\":\"https:\\\/\\\/golfvalsecret.com\\\/?s={search_term_string}\"},\"query-input\":{\"@type\":\"PropertyValueSpecification\",\"valueRequired\":true,\"valueName\":\"search_term_string\"}}],\"inLanguage\":\"fr-FR\"}]}<\/script>\n<!-- \/ Yoast SEO plugin. -->","yoast_head_json":{"title":"tarifs - Golf du Val Secret","robots":{"index":"index","follow":"follow","max-snippet":"max-snippet:-1","max-image-preview":"max-image-preview:large","max-video-preview":"max-video-preview:-1"},"canonical":"https:\/\/golfvalsecret.com\/?page_id=5642","og_locale":"fr_FR","og_type":"article","og_title":"tarifs - Golf du Val Secret","og_description":"&nbsp; &nbsp; \u00a0 \u00a0Tarifs green fees 2017 Haute saison (1er Avril au 31 Octobre) SEMAINE 18 Trous 9 trous &amp; apr\u00e8s 18h INDIVIDUEL 48.00\u20ac 32.00\u20ac COUPLE 82.00\u20ac GOLFY INDIGO 36.00\u20ac 24.00\u20ac GOLFY PLATINE 34.00\u20ac 22.00\u20ac &nbsp; &nbsp; \u00a0 WEEK-END\u00a0\u00a0\u00a0\u00a0\u00a0\u00a0\u00a0\u00a0\u00a0\u00a0\u00a0\u00a0 \u00a0 (et jours f\u00e9ri\u00e9s) 18 Trous 9 trous &amp; apr\u00e8s 18h INDIVIDUEL 60.00\u20ac 39.00\u20ac COUPLE 102.00\u20ac [&hellip;]","og_url":"https:\/\/golfvalsecret.com\/?page_id=5642","og_site_name":"Golf du Val Secret","article_modified_time":"2024-10-29T11:26:57+00:00","twitter_misc":{"Dur\u00e9e de lecture estim\u00e9e":"3 minutes"},"schema":{"@context":"https:\/\/schema.org","@graph":[{"@type":"WebPage","@id":"https:\/\/golfvalsecret.com\/?page_id=5642","url":"https:\/\/golfvalsecret.com\/?page_id=5642","name":"tarifs - Golf du Val Secret","isPartOf":{"@id":"https:\/\/golfvalsecret.com\/#website"},"datePublished":"2017-08-22T15:12:06+00:00","dateModified":"2024-10-29T11:26:57+00:00","breadcrumb":{"@id":"https:\/\/golfvalsecret.com\/?page_id=5642#breadcrumb"},"inLanguage":"fr-FR","potentialAction":[{"@type":"ReadAction","target":["https:\/\/golfvalsecret.com\/?page_id=5642"]}]},{"@type":"BreadcrumbList","@id":"https:\/\/golfvalsecret.com\/?page_id=5642#breadcrumb","itemListElement":[{"@type":"ListItem","position":1,"name":"Accueil","item":"https:\/\/golfvalsecret.com\/"},{"@type":"ListItem","position":2,"name":"tarifs"}]},{"@type":"WebSite","@id":"https:\/\/golfvalsecret.com\/#website","url":"https:\/\/golfvalsecret.com\/","name":"Golf du Val Secret","description":"Bienvenue","potentialAction":[{"@type":"SearchAction","target":{"@type":"EntryPoint","urlTemplate":"https:\/\/golfvalsecret.com\/?s={search_term_string}"},"query-input":{"@type":"PropertyValueSpecification","valueRequired":true,"valueName":"search_term_string"}}],"inLanguage":"fr-FR"}]}},"_links":{"self":[{"href":"https:\/\/golfvalsecret.com\/index.php?rest_route=\/wp\/v2\/pages\/5642","targetHints":{"allow":["GET"]}}],"collection":[{"href":"https:\/\/golfvalsecret.com\/index.php?rest_route=\/wp\/v2\/pages"}],"about":[{"href":"https:\/\/golfvalsecret.com\/index.php?rest_route=\/wp\/v2\/types\/page"}],"author":[{"embeddable":true,"href":"https:\/\/golfvalsecret.com\/index.php?rest_route=\/wp\/v2\/users\/2"}],"replies":[{"embeddable":true,"href":"https:\/\/golfvalsecret.com\/index.php?rest_route=%2Fwp%2Fv2%2Fcomments&post=5642"}],"version-history":[{"count":6,"href":"https:\/\/golfvalsecret.com\/index.php?rest_route=\/wp\/v2\/pages\/5642\/revisions"}],"predecessor-version":[{"id":7514,"href":"https:\/\/golfvalsecret.com\/index.php?rest_route=\/wp\/v2\/pages\/5642\/revisions\/7514"}],"wp:attachment":[{"href":"https:\/\/golfvalsecret.com\/index.php?rest_route=%2Fwp%2Fv2%2Fmedia&parent=5642"}],"curies":[{"name":"wp","href":"https:\/\/api.w.org\/{rel}","templated":true}]}}